{"id":3179,"date":"2022-09-27T00:31:17","date_gmt":"2022-09-27T00:31:17","guid":{"rendered":"https:\/\/eurocargoeu.com\/?page_id=3179"},"modified":"2024-05-08T14:37:24","modified_gmt":"2024-05-08T14:37:24","slug":"carga-comercial-y-refrigerada","status":"publish","type":"page","link":"https:\/\/tepuycargo.com\/index.php\/carga-comercial-y-refrigerada\/","title":{"rendered":"Carga comercial y refrigerada"},"content":{"rendered":"\t\t<div data-elementor-type=\"wp-page\" data-elementor-id=\"3179\" class=\"elementor elementor-3179\">\n\t\t\t\t\t\t<div class=\"elementor-section elementor-top-section elementor-element elementor-element-10feb8a0 m-t-xl m-b-md elementor-section-boxed elementor-section-height-default elementor-section-height-default\" data-id=\"10feb8a0\" data-element_type=\"section\" data-e-type=\"section\">\r\n\t\t\r\n\t\t\t\t\t\t\t<div class=\"elementor-container elementor-column-gap-default\">\r\n\t\t\t\t\t\t\t\t\t\t\t<div class=\"elementor-column elementor-col-100 elementor-top-column elementor-element elementor-element-189110d7\" data-id=\"189110d7\" data-element_type=\"column\" data-e-type=\"column\">\r\n\t\t\t\t\t<div class=\"elementor-widget-wrap elementor-element-populated\">\r\n\t\t\t\t\t\t\t\t<div class=\"elementor-element elementor-element-532b4f9 elementor-widget elementor-widget-image\" data-id=\"532b4f9\" data-element_type=\"widget\" data-e-type=\"widget\" data-widget_type=\"image.default\">\n\t\t\t\t\t\t\t\t\t\t\t\t\t\t\t<img fetchpriority=\"high\" decoding=\"async\" width=\"986\" height=\"656\" src=\"https:\/\/tepuycargo.com\/wp-content\/uploads\/2024\/05\/web-tepuy-cargo_Mesa-de-trabajo-17.jpg\" class=\"attachment-large size-large wp-image-4150\" alt=\"\" srcset=\"https:\/\/tepuycargo.com\/wp-content\/uploads\/2024\/05\/web-tepuy-cargo_Mesa-de-trabajo-17.jpg 986w, https:\/\/tepuycargo.com\/wp-content\/uploads\/2024\/05\/web-tepuy-cargo_Mesa-de-trabajo-17-768x511.jpg 768w, https:\/\/tepuycargo.com\/wp-content\/uploads\/2024\/05\/web-tepuy-cargo_Mesa-de-trabajo-17-640x426.jpg 640w, https:\/\/tepuycargo.com\/wp-content\/uploads\/2024\/05\/web-tepuy-cargo_Mesa-de-trabajo-17-400x266.jpg 400w\" sizes=\"(max-width: 986px) 100vw, 986px\" \/>\t\t\t\t\t\t\t\t\t\t\t\t\t\t\t<\/div>\n\t\t\t\t<div class=\"elementor-element elementor-element-791be461 elementor-widget elementor-widget-porto_ultimate_heading\" data-id=\"791be461\" data-element_type=\"widget\" data-e-type=\"widget\" data-widget_type=\"porto_ultimate_heading.default\">\n\t\t\t\t\t<div class=\"porto-u-heading  porto-u-ad87e2eaf3f9c495180fe0156ddf3eb0\"><div class=\"porto-u-main-heading\"><h2    style=\"margin-bottom: 20px;\">Carga Comercial y Refrigerada<\/h2><\/div><div class=\"porto-u-sub-heading\" style=\"\"><p style=\"text-align: justify;\"><span style=\"font-weight: 400;\">En Tepuy Cargo sabemos lo importante que es para nuestros clientes su mercanc\u00eda es por ello que ofrecemos tarifas comerciales tanto para env\u00edos a\u00e9reos como para env\u00edos mar\u00edtimos, adem\u00e1s de ofrecerles la tramitaci\u00f3n del DUA (Documento \u00danico Aduanero) antes las autoridades de la agencia tributaria de Espa\u00f1a para la excepci\u00f3n del IVA lo cual les es favorable para el c\u00e1lculo de sus costos y as\u00ed poder ser m\u00e1s competitivos en el mercado comercial. As\u00ed mismo hacemos el tr\u00e1mite del DAE (Declaraci\u00f3n Aduanera de Exportaci\u00f3n) para cuando la carga proviene de cualquier pa\u00eds de la uni\u00f3n europea.\u00a0 Te ofrecemos los siguientes servicios y beneficios:<\/span><\/p><\/div><style>.porto-u-ad87e2eaf3f9c495180fe0156ddf3eb0.porto-u-heading{text-align:left}<\/style><\/div>\t\t\t\t<\/div>\n\t\t\t\t\t<\/div>\r\n\t\t\t\t<\/div>\r\n\t\t\t\t\t<\/div>\r\n\t\t\t\t<\/div>\r\n\t\t\t\t<div class=\"elementor-section elementor-top-section elementor-element elementor-element-3b5157f m-b-md pb-3 elementor-section-boxed elementor-section-height-default elementor-section-height-default\" data-id=\"3b5157f\" data-element_type=\"section\" data-e-type=\"section\">\r\n\t\t\r\n\t\t\t\t\t\t\t<div class=\"elementor-container elementor-column-gap-default\">\r\n\t\t\t\t\t\t\t\t\t\t\t<div class=\"elementor-column elementor-col-50 elementor-top-column elementor-element elementor-element-d9837ad\" data-id=\"d9837ad\" data-element_type=\"column\" data-e-type=\"column\">\r\n\t\t\t\t\t<div class=\"elementor-widget-wrap elementor-element-populated\">\r\n\t\t\t\t\t\t\t\t<div class=\"elementor-element elementor-element-b6981aa icon-bordered custom-info-box m-b-xxl pb-3 elementor-widget elementor-widget-porto_info_box\" data-id=\"b6981aa\" data-element_type=\"widget\" data-e-type=\"widget\" data-widget_type=\"porto_info_box.default\">\n\t\t\t\t\t<div class=\"porto-sicon-box style_1 default-icon flex-wrap\"><div class=\"porto-sicon-default\"><div class=\"porto-just-icon-wrapper porto-icon none\" style=\"margin-right:12px;\"><i class=\"fas fa-check\"><\/i><\/div><\/div><div class=\"porto-sicon-header\"><h3 class=\"porto-sicon-title\" style=\"\">Podemos recoger tu mercanc\u00eda comercial en cualquier ciudad de Espa\u00f1a y la UE<\/h3><\/div> <!-- header --><div class=\"porto-sicon-description\" style=\"\" ><p style=\"text-align: justify;\">\n<span style=\"font-weight: 400;\">Podemos recoger tu mercanc\u00eda comercial en cualquier ciudad de Espa\u00f1a Pen\u00ednsula o en cualquier pa\u00eds de la Uni\u00f3n Europea y garantizamos la entrega de tu mercanc\u00eda en destino puerta a puerta, as\u00ed como tambi\u00e9n puedes enviarla a nuestra direcci\u00f3n.<\/span><\/div> <!-- description --><\/div><!-- porto-sicon-box -->\t\t\t\t<\/div>\n\t\t\t\t<div class=\"elementor-element elementor-element-b7ba03b icon-bordered custom-info-box elementor-widget elementor-widget-porto_info_box\" data-id=\"b7ba03b\" data-element_type=\"widget\" data-e-type=\"widget\" data-widget_type=\"porto_info_box.default\">\n\t\t\t\t\t<div class=\"porto-sicon-box style_1 default-icon flex-wrap\"><div class=\"porto-sicon-default\"><div class=\"porto-just-icon-wrapper porto-icon none\" style=\"margin-right:12px;\"><i class=\"fas fa-check\"><\/i><\/div><\/div><div class=\"porto-sicon-header\"><h3 class=\"porto-sicon-title\" style=\"\">Salidas a\u00e9reas semanales<\/h3><\/div> <!-- header --><div class=\"porto-sicon-description\" style=\"\" ><p style=\"text-align: justify;\">\n<span style=\"font-weight: 400;\">Ofrecemos salidas a\u00e9reas semanales con unos tiempos de tr\u00e1nsito desde que sale la carga de Madrid, Espa\u00f1a de entre 7 a 12 d\u00edas dependiendo del destino en Venezuela.<\/span><\/div> <!-- description --><\/div><!-- porto-sicon-box -->\t\t\t\t<\/div>\n\t\t\t\t\t<\/div>\r\n\t\t\t\t<\/div>\r\n\t\t\t\t<div class=\"elementor-column elementor-col-50 elementor-top-column elementor-element elementor-element-1020622\" data-id=\"1020622\" data-element_type=\"column\" data-e-type=\"column\">\r\n\t\t\t\t\t<div class=\"elementor-widget-wrap elementor-element-populated\">\r\n\t\t\t\t\t\t\t\t<div class=\"elementor-element elementor-element-10f8076 icon-bordered custom-info-box m-b-xxl pb-3 elementor-widget elementor-widget-porto_info_box\" data-id=\"10f8076\" data-element_type=\"widget\" data-e-type=\"widget\" data-widget_type=\"porto_info_box.default\">\n\t\t\t\t\t<div class=\"porto-sicon-box style_1 default-icon flex-wrap\"><div class=\"porto-sicon-default\"><div class=\"porto-just-icon-wrapper porto-icon none\" style=\"margin-right:12px;\"><i class=\"fas fa-check\"><\/i><\/div><\/div><div class=\"porto-sicon-header\"><h3 class=\"porto-sicon-title\" style=\"\">Salidas mar\u00edtimas a Venezuela cada 21 d\u00edas<\/h3><\/div> <!-- header --><div class=\"porto-sicon-description\" style=\"\" ><p style=\"text-align: justify;\">\n<span style=\"font-weight: 400;\">Ofrecemos salidas mar\u00edtimas a Venezuela cada 21 d\u00edas Aproximadamente desde Madrid, Espa\u00f1a con un tiempo de tr\u00e1nsito de 45 a 55 d\u00edas aproximadamente desde la salida del barco del puerto de Valencia o Barcelona Espa\u00f1a a puerto de destino en Venezuela.\u00a0\u00a0<\/span><\/div> <!-- description --><\/div><!-- porto-sicon-box -->\t\t\t\t<\/div>\n\t\t\t\t<div class=\"elementor-element elementor-element-2402224 icon-bordered custom-info-box elementor-widget elementor-widget-porto_info_box\" data-id=\"2402224\" data-element_type=\"widget\" data-e-type=\"widget\" data-widget_type=\"porto_info_box.default\">\n\t\t\t\t\t<div class=\"porto-sicon-box style_1 default-icon flex-wrap\"><div class=\"porto-sicon-default\"><div class=\"porto-just-icon-wrapper porto-icon none\" style=\"margin-right:12px;\"><i class=\"fas fa-check\"><\/i><\/div><\/div><div class=\"porto-sicon-header\"><h3 class=\"porto-sicon-title\" style=\"\">Servicio de Carga refrigerada desde Espa\u00f1a a Venezuela v\u00eda mar\u00edtima<\/h3><\/div> <!-- header --><div class=\"porto-sicon-description\" style=\"\" ><p style=\"text-align: justify;\"><span style=\"font-weight: 400;\">Para mayor informaci\u00f3n sobre este servicio debes contactarnos. A trav\u00e9s de los siguientes medios.<\/span><\/p><p><a href=\"https:\/\/api.whatsapp.com\/message\/UIHBB5NCLDP3G1?autoload=1&amp;app_absent=0\"><img decoding=\"async\" class=\"alignnone wp-image-3296 size-full\" src=\"https:\/\/tepuycargo.com\/wp-content\/uploads\/2022\/10\/whatsapp.png\" alt=\"\" width=\"24\" height=\"24\" \/><\/a><a href=\"https:\/\/www.instagram.com\/tepuycargo\/?igshid=ZDdkNTZiNTM%3D\"><img decoding=\"async\" class=\"alignnone wp-image-3422 size-full\" src=\"https:\/\/tepuycargo.com\/wp-content\/uploads\/2022\/10\/instagram.png\" alt=\"\" width=\"24\" height=\"24\" \/><\/a><\/p><\/div> <!-- description --><\/div><!-- porto-sicon-box -->\t\t\t\t<\/div>\n\t\t\t\t\t<\/div>\r\n\t\t\t\t<\/div>\r\n\t\t\t\t\t<\/div>\r\n\t\t\t\t<\/div>\r\n\t\t\t\t<\/div>\n\t\t","protected":false},"excerpt":{"rendered":"<p>Carga Comercial y Refrigerada En Tepuy Cargo sabemos lo importante que es para nuestros clientes su mercanc\u00eda es por ello que ofrecemos tarifas comerciales tanto para env\u00edos a\u00e9reos como para env\u00edos mar\u00edtimos, adem\u00e1s de ofrecerles la tramitaci\u00f3n del DUA (Documento \u00danico Aduanero) antes las autoridades de la agencia tributaria de Espa\u00f1a para la excepci\u00f3n del [&hellip;]<\/p>\n","protected":false},"author":4,"featured_media":0,"parent":0,"menu_order":0,"comment_status":"closed","ping_status":"closed","template":"","meta":{"_joinchat":[],"footnotes":""},"class_list":["post-3179","page","type-page","status-publish","hentry"],"yoast_head":"<!-- This site is optimized with the Yoast SEO plugin v26.8 - https:\/\/yoast.com\/product\/yoast-seo-wordpress\/ -->\n<title>Carga comercial y refrigerada - TepuyCargo<\/title>\n<meta name=\"robots\" content=\"index, follow, max-snippet:-1, max-image-preview:large, max-video-preview:-1\" \/>\n<link rel=\"canonical\" href=\"https:\/\/tepuycargo.com\/index.php\/carga-comercial-y-refrigerada\/\" \/>\n<meta property=\"og:locale\" content=\"es_ES\" \/>\n<meta property=\"og:type\" content=\"article\" \/>\n<meta property=\"og:title\" content=\"Carga comercial y refrigerada - TepuyCargo\" \/>\n<meta property=\"og:description\" content=\"Carga Comercial y Refrigerada En Tepuy Cargo sabemos lo importante que es para nuestros clientes su mercanc\u00eda es por ello que ofrecemos tarifas comerciales tanto para env\u00edos a\u00e9reos como para env\u00edos mar\u00edtimos, adem\u00e1s de ofrecerles la tramitaci\u00f3n del DUA (Documento \u00danico Aduanero) antes las autoridades de la agencia tributaria de Espa\u00f1a para la excepci\u00f3n del [&hellip;]\" \/>\n<meta property=\"og:url\" content=\"https:\/\/tepuycargo.com\/index.php\/carga-comercial-y-refrigerada\/\" \/>\n<meta property=\"og:site_name\" content=\"TepuyCargo\" \/>\n<meta property=\"article:publisher\" content=\"https:\/\/www.facebook.com\/people\/Euro-Cargo\/100085454717194\/\" \/>\n<meta property=\"article:modified_time\" content=\"2024-05-08T14:37:24+00:00\" \/>\n<meta property=\"og:image\" content=\"https:\/\/tepuycargo.com\/wp-content\/uploads\/2024\/05\/web-tepuy-cargo_Mesa-de-trabajo-17.jpg\" \/>\n<meta name=\"twitter:card\" content=\"summary_large_image\" \/>\n<meta name=\"twitter:label1\" content=\"Tiempo de lectura\" \/>\n\t<meta name=\"twitter:data1\" content=\"2 minutos\" \/>\n<script type=\"application\/ld+json\" class=\"yoast-schema-graph\">{\"@context\":\"https:\/\/schema.org\",\"@graph\":[{\"@type\":\"WebPage\",\"@id\":\"https:\/\/tepuycargo.com\/index.php\/carga-comercial-y-refrigerada\/\",\"url\":\"https:\/\/tepuycargo.com\/index.php\/carga-comercial-y-refrigerada\/\",\"name\":\"Carga comercial y refrigerada - TepuyCargo\",\"isPartOf\":{\"@id\":\"https:\/\/tepuycargo.com\/#website\"},\"primaryImageOfPage\":{\"@id\":\"https:\/\/tepuycargo.com\/index.php\/carga-comercial-y-refrigerada\/#primaryimage\"},\"image\":{\"@id\":\"https:\/\/tepuycargo.com\/index.php\/carga-comercial-y-refrigerada\/#primaryimage\"},\"thumbnailUrl\":\"https:\/\/tepuycargo.com\/wp-content\/uploads\/2024\/05\/web-tepuy-cargo_Mesa-de-trabajo-17.jpg\",\"datePublished\":\"2022-09-27T00:31:17+00:00\",\"dateModified\":\"2024-05-08T14:37:24+00:00\",\"breadcrumb\":{\"@id\":\"https:\/\/tepuycargo.com\/index.php\/carga-comercial-y-refrigerada\/#breadcrumb\"},\"inLanguage\":\"es\",\"potentialAction\":[{\"@type\":\"ReadAction\",\"target\":[\"https:\/\/tepuycargo.com\/index.php\/carga-comercial-y-refrigerada\/\"]}]},{\"@type\":\"ImageObject\",\"inLanguage\":\"es\",\"@id\":\"https:\/\/tepuycargo.com\/index.php\/carga-comercial-y-refrigerada\/#primaryimage\",\"url\":\"https:\/\/tepuycargo.com\/wp-content\/uploads\/2024\/05\/web-tepuy-cargo_Mesa-de-trabajo-17.jpg\",\"contentUrl\":\"https:\/\/tepuycargo.com\/wp-content\/uploads\/2024\/05\/web-tepuy-cargo_Mesa-de-trabajo-17.jpg\",\"width\":986,\"height\":656},{\"@type\":\"BreadcrumbList\",\"@id\":\"https:\/\/tepuycargo.com\/index.php\/carga-comercial-y-refrigerada\/#breadcrumb\",\"itemListElement\":[{\"@type\":\"ListItem\",\"position\":1,\"name\":\"Inicio\",\"item\":\"https:\/\/tepuycargo.com\/\"},{\"@type\":\"ListItem\",\"position\":2,\"name\":\"Carga comercial y refrigerada\"}]},{\"@type\":\"WebSite\",\"@id\":\"https:\/\/tepuycargo.com\/#website\",\"url\":\"https:\/\/tepuycargo.com\/\",\"name\":\"TepuyCargo\",\"description\":\"Empresa lider en env\u00edos, llegamos hasta ti por los medios que sea\",\"publisher\":{\"@id\":\"https:\/\/tepuycargo.com\/#organization\"},\"potentialAction\":[{\"@type\":\"SearchAction\",\"target\":{\"@type\":\"EntryPoint\",\"urlTemplate\":\"https:\/\/tepuycargo.com\/?s={search_term_string}\"},\"query-input\":{\"@type\":\"PropertyValueSpecification\",\"valueRequired\":true,\"valueName\":\"search_term_string\"}}],\"inLanguage\":\"es\"},{\"@type\":\"Organization\",\"@id\":\"https:\/\/tepuycargo.com\/#organization\",\"name\":\"EuroCargo\",\"url\":\"https:\/\/tepuycargo.com\/\",\"logo\":{\"@type\":\"ImageObject\",\"inLanguage\":\"es\",\"@id\":\"https:\/\/tepuycargo.com\/#\/schema\/logo\/image\/\",\"url\":\"https:\/\/eurocargoeu.com\/wp-content\/uploads\/2022\/09\/logo-euro-243x64_Mesa-de-trabajo-1.png\",\"contentUrl\":\"https:\/\/eurocargoeu.com\/wp-content\/uploads\/2022\/09\/logo-euro-243x64_Mesa-de-trabajo-1.png\",\"width\":1025,\"height\":267,\"caption\":\"EuroCargo\"},\"image\":{\"@id\":\"https:\/\/tepuycargo.com\/#\/schema\/logo\/image\/\"},\"sameAs\":[\"https:\/\/www.facebook.com\/people\/Euro-Cargo\/100085454717194\/\"]}]}<\/script>\n<!-- \/ Yoast SEO plugin. -->","yoast_head_json":{"title":"Carga comercial y refrigerada - TepuyCargo","robots":{"index":"index","follow":"follow","max-snippet":"max-snippet:-1","max-image-preview":"max-image-preview:large","max-video-preview":"max-video-preview:-1"},"canonical":"https:\/\/tepuycargo.com\/index.php\/carga-comercial-y-refrigerada\/","og_locale":"es_ES","og_type":"article","og_title":"Carga comercial y refrigerada - TepuyCargo","og_description":"Carga Comercial y Refrigerada En Tepuy Cargo sabemos lo importante que es para nuestros clientes su mercanc\u00eda es por ello que ofrecemos tarifas comerciales tanto para env\u00edos a\u00e9reos como para env\u00edos mar\u00edtimos, adem\u00e1s de ofrecerles la tramitaci\u00f3n del DUA (Documento \u00danico Aduanero) antes las autoridades de la agencia tributaria de Espa\u00f1a para la excepci\u00f3n del [&hellip;]","og_url":"https:\/\/tepuycargo.com\/index.php\/carga-comercial-y-refrigerada\/","og_site_name":"TepuyCargo","article_publisher":"https:\/\/www.facebook.com\/people\/Euro-Cargo\/100085454717194\/","article_modified_time":"2024-05-08T14:37:24+00:00","og_image":[{"url":"https:\/\/tepuycargo.com\/wp-content\/uploads\/2024\/05\/web-tepuy-cargo_Mesa-de-trabajo-17.jpg","type":"","width":"","height":""}],"twitter_card":"summary_large_image","twitter_misc":{"Tiempo de lectura":"2 minutos"},"schema":{"@context":"https:\/\/schema.org","@graph":[{"@type":"WebPage","@id":"https:\/\/tepuycargo.com\/index.php\/carga-comercial-y-refrigerada\/","url":"https:\/\/tepuycargo.com\/index.php\/carga-comercial-y-refrigerada\/","name":"Carga comercial y refrigerada - TepuyCargo","isPartOf":{"@id":"https:\/\/tepuycargo.com\/#website"},"primaryImageOfPage":{"@id":"https:\/\/tepuycargo.com\/index.php\/carga-comercial-y-refrigerada\/#primaryimage"},"image":{"@id":"https:\/\/tepuycargo.com\/index.php\/carga-comercial-y-refrigerada\/#primaryimage"},"thumbnailUrl":"https:\/\/tepuycargo.com\/wp-content\/uploads\/2024\/05\/web-tepuy-cargo_Mesa-de-trabajo-17.jpg","datePublished":"2022-09-27T00:31:17+00:00","dateModified":"2024-05-08T14:37:24+00:00","breadcrumb":{"@id":"https:\/\/tepuycargo.com\/index.php\/carga-comercial-y-refrigerada\/#breadcrumb"},"inLanguage":"es","potentialAction":[{"@type":"ReadAction","target":["https:\/\/tepuycargo.com\/index.php\/carga-comercial-y-refrigerada\/"]}]},{"@type":"ImageObject","inLanguage":"es","@id":"https:\/\/tepuycargo.com\/index.php\/carga-comercial-y-refrigerada\/#primaryimage","url":"https:\/\/tepuycargo.com\/wp-content\/uploads\/2024\/05\/web-tepuy-cargo_Mesa-de-trabajo-17.jpg","contentUrl":"https:\/\/tepuycargo.com\/wp-content\/uploads\/2024\/05\/web-tepuy-cargo_Mesa-de-trabajo-17.jpg","width":986,"height":656},{"@type":"BreadcrumbList","@id":"https:\/\/tepuycargo.com\/index.php\/carga-comercial-y-refrigerada\/#breadcrumb","itemListElement":[{"@type":"ListItem","position":1,"name":"Inicio","item":"https:\/\/tepuycargo.com\/"},{"@type":"ListItem","position":2,"name":"Carga comercial y refrigerada"}]},{"@type":"WebSite","@id":"https:\/\/tepuycargo.com\/#website","url":"https:\/\/tepuycargo.com\/","name":"TepuyCargo","description":"Empresa lider en env\u00edos, llegamos hasta ti por los medios que sea","publisher":{"@id":"https:\/\/tepuycargo.com\/#organization"},"potentialAction":[{"@type":"SearchAction","target":{"@type":"EntryPoint","urlTemplate":"https:\/\/tepuycargo.com\/?s={search_term_string}"},"query-input":{"@type":"PropertyValueSpecification","valueRequired":true,"valueName":"search_term_string"}}],"inLanguage":"es"},{"@type":"Organization","@id":"https:\/\/tepuycargo.com\/#organization","name":"EuroCargo","url":"https:\/\/tepuycargo.com\/","logo":{"@type":"ImageObject","inLanguage":"es","@id":"https:\/\/tepuycargo.com\/#\/schema\/logo\/image\/","url":"https:\/\/eurocargoeu.com\/wp-content\/uploads\/2022\/09\/logo-euro-243x64_Mesa-de-trabajo-1.png","contentUrl":"https:\/\/eurocargoeu.com\/wp-content\/uploads\/2022\/09\/logo-euro-243x64_Mesa-de-trabajo-1.png","width":1025,"height":267,"caption":"EuroCargo"},"image":{"@id":"https:\/\/tepuycargo.com\/#\/schema\/logo\/image\/"},"sameAs":["https:\/\/www.facebook.com\/people\/Euro-Cargo\/100085454717194\/"]}]}},"_links":{"self":[{"href":"https:\/\/tepuycargo.com\/index.php\/wp-json\/wp\/v2\/pages\/3179","targetHints":{"allow":["GET"]}}],"collection":[{"href":"https:\/\/tepuycargo.com\/index.php\/wp-json\/wp\/v2\/pages"}],"about":[{"href":"https:\/\/tepuycargo.com\/index.php\/wp-json\/wp\/v2\/types\/page"}],"author":[{"embeddable":true,"href":"https:\/\/tepuycargo.com\/index.php\/wp-json\/wp\/v2\/users\/4"}],"replies":[{"embeddable":true,"href":"https:\/\/tepuycargo.com\/index.php\/wp-json\/wp\/v2\/comments?post=3179"}],"version-history":[{"count":12,"href":"https:\/\/tepuycargo.com\/index.php\/wp-json\/wp\/v2\/pages\/3179\/revisions"}],"predecessor-version":[{"id":4153,"href":"https:\/\/tepuycargo.com\/index.php\/wp-json\/wp\/v2\/pages\/3179\/revisions\/4153"}],"wp:attachment":[{"href":"https:\/\/tepuycargo.com\/index.php\/wp-json\/wp\/v2\/media?parent=3179"}],"curies":[{"name":"wp","href":"https:\/\/api.w.org\/{rel}","templated":true}]}}